{"id":14,"date":"2024-06-10T16:00:43","date_gmt":"2024-06-10T16:00:43","guid":{"rendered":"https:\/\/sambel.de\/?page_id=14"},"modified":"2025-06-12T10:11:31","modified_gmt":"2025-06-12T10:11:31","slug":"ueber-mich","status":"publish","type":"page","link":"https:\/\/sambel.de\/?page_id=14","title":{"rendered":"\u00dcber mich"},"content":{"rendered":"\n<p class=\"has-headings-color has-text-color has-link-color has-large-font-size wp-elements-5c4c3d7f140463d53d065f89bee8b99c\">Herzlich willkommen \u2013 sch\u00f6n, dass Sie hier sind!<\/p>\n\n\n\n<p>Mein Name ist Christof Sambel, und ich bin Fully Qualified PGA Professional. Golf ist f\u00fcr mich nicht nur ein Sport, sondern eine Leidenschaft, die ich seit vielen Jahren mit Begeisterung lebe und weitergebe.<\/p>\n\n\n\n<p>Als ausgebildeter Golflehrer biete ich professionellen Golfunterricht f\u00fcr alle Altersklassen und Spielst\u00e4rken an \u2013 vom neugierigen Kind, das seine ersten Schw\u00fcnge macht, \u00fcber ambitionierte Jugendliche bis hin zum erwachsenen Golfer, der sein Spiel verbessern oder einfach Freude am Golfspiel entwickeln m\u00f6chte. Jeder Sch\u00fcler ist individuell, und genau so gestalte ich meinen Unterricht: pers\u00f6nlich, zielorientiert und geduldig.<\/p>\n\n\n\n<p>Ob Sie Anf\u00e4nger sind, an Ihrer Technik feilen m\u00f6chten oder ein Fortgeschrittener, der sein Spiel verbessern und Schl\u00e4ge auf der Runde sparen will \u2013 gemeinsam arbeiten wir an Ihrem Spiel und entwickeln Ihren ganz eigenen, effizienten Golfschwung.<\/p>\n\n\n\n<p>Neben dem Techniktraining lege ich gro\u00dfen Wert auf Spa\u00df am Spiel, mentale St\u00e4rke und ein gutes Verst\u00e4ndnis f\u00fcr die taktischen Aspekte des Golfsports. Denn nur wer Freude auf dem Platz hat, wird dauerhaft Fortschritte machen.<\/p>\n\n\n\n<p>Ich freue mich darauf, Sie auf Ihrem Erfolgsweg zu begleiten!<\/p>\n\n\n\n<p class=\"has-headings-color has-text-color has-link-color has-large-font-size wp-elements-a27acf68307606dac93f5c98bfd9652e\">Ihr Christof Sambel<br>Fully Qualified PGA Professional<\/p>\n","protected":false},"excerpt":{"rendered":"<p>Herzlich willkommen \u2013 sch\u00f6n, dass Sie hier sind! Mein Name ist Christof Sambel, und ich bin Fully Qualified PGA Professional. Golf ist f\u00fcr mich nicht nur ein Sport, sondern eine Leidenschaft, die ich seit vielen Jahren mit Begeisterung lebe und weitergebe. Als ausgebildeter Golflehrer biete ich professionellen Golfunterricht f\u00fcr alle Altersklassen und Spielst\u00e4rken an \u2013 &hellip; <\/p>\n<p class=\"link-more\"><a href=\"https:\/\/sambel.de\/?page_id=14\" class=\"more-link\"><span class=\"screen-reader-text\">\u201e\u00dcber mich\u201c <\/span>weiterlesen<\/a><\/p>\n","protected":false},"author":1,"featured_media":0,"parent":0,"menu_order":0,"comment_status":"closed","ping_status":"closed","template":"","meta":{"footnotes":""},"class_list":["post-14","page","type-page","status-publish","hentry"],"_links":{"self":[{"href":"https:\/\/sambel.de\/index.php?rest_route=\/wp\/v2\/pages\/14","targetHints":{"allow":["GET"]}}],"collection":[{"href":"https:\/\/sambel.de\/index.php?rest_route=\/wp\/v2\/pages"}],"about":[{"href":"https:\/\/sambel.de\/index.php?rest_route=\/wp\/v2\/types\/page"}],"author":[{"embeddable":true,"href":"https:\/\/sambel.de\/index.php?rest_route=\/wp\/v2\/users\/1"}],"replies":[{"embeddable":true,"href":"https:\/\/sambel.de\/index.php?rest_route=%2Fwp%2Fv2%2Fcomments&post=14"}],"version-history":[{"count":3,"href":"https:\/\/sambel.de\/index.php?rest_route=\/wp\/v2\/pages\/14\/revisions"}],"predecessor-version":[{"id":43,"href":"https:\/\/sambel.de\/index.php?rest_route=\/wp\/v2\/pages\/14\/revisions\/43"}],"wp:attachment":[{"href":"https:\/\/sambel.de\/index.php?rest_route=%2Fwp%2Fv2%2Fmedia&parent=14"}],"curies":[{"name":"wp","href":"https:\/\/api.w.org\/{rel}","templated":true}]}}